{"id":60,"date":"2015-04-15T10:57:41","date_gmt":"2015-04-15T09:57:41","guid":{"rendered":"http:\/\/welfare.cmsmasters.net\/?page_id=60"},"modified":"2021-01-21T14:00:46","modified_gmt":"2021-01-21T13:00:46","slug":"contactez-nous","status":"publish","type":"page","link":"https:\/\/decoration-plus.fr\/?page_id=60","title":{"rendered":"Contactez-nous"},"content":{"rendered":"<style type=\"text\/css\"> \n#cmsmasters_row_69eb70c041ded { \n\tbackground-color:#f3c14b;\n} \n\n#cmsmasters_row_69eb70c041ded .cmsmasters_row_outer_parent { \n\tpadding-top: 20px; \n} \n\n#cmsmasters_row_69eb70c041ded .cmsmasters_row_outer_parent { \n\tpadding-bottom: 20px; \n} \n\n \n#cmsmasters_heading_69eb70c0425a2 { \n\ttext-align:left; \n\tmargin-top:0px; \n\tmargin-bottom:0px; \n} \n\n#cmsmasters_heading_69eb70c0425a2 .cmsmasters_heading { \n\ttext-align:left; \n} \n\n#cmsmasters_heading_69eb70c0425a2 .cmsmasters_heading, #cmsmasters_heading_69eb70c0425a2 .cmsmasters_heading a { \n\tfont-size:14px; \n\tline-height:18px; \n\tfont-weight:bold; \n\tfont-style:normal; \n} \n\n#cmsmasters_heading_69eb70c0425a2 .cmsmasters_heading_divider { \n} \n\n \n#cmsmasters_heading_69eb70c042b1a { \n\ttext-align:left; \n\tmargin-top:0px; \n\tmargin-bottom:0px; \n} \n\n#cmsmasters_heading_69eb70c042b1a .cmsmasters_heading { \n\ttext-align:left; \n} \n\n#cmsmasters_heading_69eb70c042b1a .cmsmasters_heading, #cmsmasters_heading_69eb70c042b1a .cmsmasters_heading a { \n\tfont-size:13px; \n\tline-height:16px; \n\tfont-weight:bold; \n\tfont-style:normal; \n\tcolor:#ffffff;\n} \n\n#cmsmasters_heading_69eb70c042b1a .cmsmasters_heading_divider { \n} \n\n \n#cmsmasters_heading_69eb70c0430e6 { \n\ttext-align:left; \n\tmargin-top:0px; \n\tmargin-bottom:0px; \n} \n\n#cmsmasters_heading_69eb70c0430e6 .cmsmasters_heading { \n\ttext-align:left; \n} \n\n#cmsmasters_heading_69eb70c0430e6 .cmsmasters_heading, #cmsmasters_heading_69eb70c0430e6 .cmsmasters_heading a { \n\tfont-size:14px; \n\tline-height:18px; \n\tfont-weight:bold; \n\tfont-style:normal; \n} \n\n#cmsmasters_heading_69eb70c0430e6 .cmsmasters_heading_divider { \n} \n\n \n#cmsmasters_heading_69eb70c0436a8 { \n\ttext-align:left; \n\tmargin-top:0px; \n\tmargin-bottom:0px; \n} \n\n#cmsmasters_heading_69eb70c0436a8 .cmsmasters_heading { \n\ttext-align:left; \n} \n\n#cmsmasters_heading_69eb70c0436a8 .cmsmasters_heading, #cmsmasters_heading_69eb70c0436a8 .cmsmasters_heading a { \n\tfont-size:13px; \n\tline-height:16px; \n\tfont-weight:bold; \n\tfont-style:normal; \n\tcolor:#ffffff;\n} \n\n#cmsmasters_heading_69eb70c0436a8 .cmsmasters_heading_divider { \n} \n\n \n#cmsmasters_heading_69eb70c043c4b { \n\ttext-align:left; \n\tmargin-top:0px; \n\tmargin-bottom:0px; \n} \n\n#cmsmasters_heading_69eb70c043c4b .cmsmasters_heading { \n\ttext-align:left; \n} \n\n#cmsmasters_heading_69eb70c043c4b .cmsmasters_heading, #cmsmasters_heading_69eb70c043c4b .cmsmasters_heading a { \n\tfont-size:14px; \n\tline-height:18px; \n\tfont-weight:bold; \n\tfont-style:normal; \n} \n\n#cmsmasters_heading_69eb70c043c4b .cmsmasters_heading_divider { \n} \n\n \n#cmsmasters_heading_69eb70c0440fb { \n\ttext-align:left; \n\tmargin-top:0px; \n\tmargin-bottom:0px; \n} \n\n#cmsmasters_heading_69eb70c0440fb .cmsmasters_heading { \n\ttext-align:left; \n} \n\n#cmsmasters_heading_69eb70c0440fb .cmsmasters_heading, #cmsmasters_heading_69eb70c0440fb .cmsmasters_heading a { \n\tfont-size:13px; \n\tline-height:16px; \n\tfont-weight:700; \n\tfont-style:normal; \n\tcolor:#ffffff;\n} \n\n#cmsmasters_heading_69eb70c0440fb .cmsmasters_heading_divider { \n} \n\n \n#cmsmasters_heading_69eb70c04463d { \n\ttext-align:left; \n\tmargin-top:0px; \n\tmargin-bottom:0px; \n} \n\n#cmsmasters_heading_69eb70c04463d .cmsmasters_heading { \n\ttext-align:left; \n} \n\n#cmsmasters_heading_69eb70c04463d .cmsmasters_heading, #cmsmasters_heading_69eb70c04463d .cmsmasters_heading a { \n\tfont-size:14px; \n\tline-height:18px; \n\tfont-weight:bold; \n\tfont-style:normal; \n} \n\n#cmsmasters_heading_69eb70c04463d .cmsmasters_heading_divider { \n} \n\n \n#cmsmasters_heading_69eb70c0449ee { \n\ttext-align:left; \n\tmargin-top:0px; \n\tmargin-bottom:0px; \n} \n\n#cmsmasters_heading_69eb70c0449ee .cmsmasters_heading { \n\ttext-align:left; \n} \n\n#cmsmasters_heading_69eb70c0449ee .cmsmasters_heading, #cmsmasters_heading_69eb70c0449ee .cmsmasters_heading a { \n\tfont-size:13px; \n\tline-height:16px; \n\tfont-weight:bold; \n\tfont-style:normal; \n\tcolor:#ffffff;\n} \n\n#cmsmasters_heading_69eb70c0449ee .cmsmasters_heading_divider { \n} \n\n \n#cmsmasters_row_69eb70c044a2e .cmsmasters_row_outer_parent { \n\tpadding-top: 70px; \n} \n\n#cmsmasters_row_69eb70c044a2e .cmsmasters_row_outer_parent { \n\tpadding-bottom: 60px; \n} \n\n \n#cmsmasters_heading_69eb70c044e28 { \n\ttext-align:left; \n\tmargin-top:0px; \n\tmargin-bottom:10px; \n} \n\n#cmsmasters_heading_69eb70c044e28 .cmsmasters_heading { \n\ttext-align:left; \n} \n\n#cmsmasters_heading_69eb70c044e28 .cmsmasters_heading, #cmsmasters_heading_69eb70c044e28 .cmsmasters_heading a { \n\tfont-size:24px; \n\tline-height:28px; \n\tfont-weight:bold; \n\tfont-style:normal; \n} \n\n#cmsmasters_heading_69eb70c044e28 .cmsmasters_heading_divider { \n} \n\n<\/style>\n\n<script>\n  window.dataLayer = window.dataLayer || [];\n  function gtag(){dataLayer.push(arguments);}\n  gtag('js', new Date());\n\n  gtag('config', 'G-HDCLXXPK2E');\n<\/script>\n<br><\/br>\n<div><span style=\"color: #000000;\">Une question, une demande de devis, une demande de rappel, nous serons ravis de vous r\u00e9pondre et vous apportez des r\u00e9ponses fiables et claires \u00e0 vos questions.<\/span><\/div>\n<br><\/br>\n\n<div id=\"cmsmasters_row_69eb70c041ded\" class=\"cmsmasters_row cmsmasters_color_scheme_default cmsmasters_row_top_default cmsmasters_row_bot_default cmsmasters_row_boxed\">\n<div class=\"cmsmasters_row_outer_parent\">\n<div class=\"cmsmasters_row_outer\">\n<div class=\"cmsmasters_row_inner\">\n<div class=\"cmsmasters_row_margin\">\n<div class=\"cmsmasters_column one_fourth\">\n\n<div id=\"cmsmasters_heading_69eb70c0425a2\" class=\"cmsmasters_heading_wrap cmsmasters_heading_align_left\">\n\t<h4 class=\"cmsmasters_heading\">T\u00e9l\u00e9phone<\/h4>\n<\/div>\n<div id=\"cmsmasters_heading_69eb70c042b1a\" class=\"cmsmasters_heading_wrap cmsmasters_heading_align_left\">\n\t<h4 class=\"cmsmasters_heading\">01 41 60 01 02<\/h4>\n<\/div>\n<\/div>\n<div class=\"cmsmasters_column one_fourth\">\n\n<div id=\"cmsmasters_heading_69eb70c0430e6\" class=\"cmsmasters_heading_wrap cmsmasters_heading_align_left\">\n\t<h4 class=\"cmsmasters_heading\">Horaires<\/h4>\n<\/div>\n<div id=\"cmsmasters_heading_69eb70c0436a8\" class=\"cmsmasters_heading_wrap cmsmasters_heading_align_left\">\n\t<h4 class=\"cmsmasters_heading\">Du lundi au Vendredi du 8h \u00e0 17h<\/h4>\n<\/div>\n<\/div>\n<div class=\"cmsmasters_column one_fourth\">\n\n<div id=\"cmsmasters_heading_69eb70c043c4b\" class=\"cmsmasters_heading_wrap cmsmasters_heading_align_left\">\n\t<h4 class=\"cmsmasters_heading\">Addresse<\/h4>\n<\/div>\n<div id=\"cmsmasters_heading_69eb70c0440fb\" class=\"cmsmasters_heading_wrap cmsmasters_heading_align_left\">\n\t<h4 class=\"cmsmasters_heading\">23, rue Danielle Casanova Drancy 93700 France<\/h4>\n<\/div>\n<\/div>\n<div class=\"cmsmasters_column one_fourth\">\n\n<div id=\"cmsmasters_heading_69eb70c04463d\" class=\"cmsmasters_heading_wrap cmsmasters_heading_align_left\">\n\t<h4 class=\"cmsmasters_heading\">Email<\/h4>\n<\/div>\n<div id=\"cmsmasters_heading_69eb70c0449ee\" class=\"cmsmasters_heading_wrap cmsmasters_heading_align_left\">\n\t<h4 class=\"cmsmasters_heading\">bureau@decoration-plus.fr<\/h4>\n<\/div>\n<\/div>\n<\/div>\n<\/div>\n<\/div>\n<\/div>\n<\/div>\n<div id=\"cmsmasters_row_69eb70c044a2e\" class=\"cmsmasters_row cmsmasters_color_scheme_default cmsmasters_row_top_default cmsmasters_row_bot_default cmsmasters_row_boxed\">\n<div class=\"cmsmasters_row_outer_parent\">\n<div class=\"cmsmasters_row_outer\">\n<div class=\"cmsmasters_row_inner\">\n<div class=\"cmsmasters_row_margin\">\n<div class=\"cmsmasters_column one_half\">\n\n<div id=\"cmsmasters_heading_69eb70c044e28\" class=\"cmsmasters_heading_wrap cmsmasters_heading_align_left\">\n\t<h1 class=\"cmsmasters_heading\">Contactez-nous <\/h1>\n<\/div><div class=\"cmsmasters_img  cmsmasters_image_n\">\n<img decoding=\"async\" src=\"https:\/\/decoration-plus.fr\/wp-content\/uploads\/2015\/04\/red-line.png\" \/>\n<\/div>\n\n<div class=\"wpcf7 no-js\" id=\"wpcf7-f10579-o1\" lang=\"en-US\" dir=\"ltr\" data-wpcf7-id=\"10579\">\n<div class=\"screen-reader-response\"><p role=\"status\" aria-live=\"polite\" aria-atomic=\"true\"><\/p> <ul><\/ul><\/div>\n<form action=\"\/index.php?rest_route=%2Fwp%2Fv2%2Fpages%2F60#wpcf7-f10579-o1\" method=\"post\" class=\"wpcf7-form init\" aria-label=\"Contact form\" novalidate=\"novalidate\" data-status=\"init\">\n<div style=\"display: none;\">\n<input type=\"hidden\" name=\"_wpcf7\" value=\"10579\" \/>\n<input type=\"hidden\" name=\"_wpcf7_version\" value=\"6.0.1\" \/>\n<input type=\"hidden\" name=\"_wpcf7_locale\" value=\"en_US\" \/>\n<input type=\"hidden\" name=\"_wpcf7_unit_tag\" value=\"wpcf7-f10579-o1\" \/>\n<input type=\"hidden\" name=\"_wpcf7_container_post\" value=\"0\" \/>\n<input type=\"hidden\" name=\"_wpcf7_posted_data_hash\" value=\"\" \/>\n<\/div>\n<p>Nom (obligatoire)\n<\/p>\n<p><span class=\"wpcf7-form-control-wrap\" data-name=\"your-name\"><input size=\"40\" maxlength=\"400\" class=\"wpcf7-form-control wpcf7-text wpcf7-validates-as-required\" aria-required=\"true\" aria-invalid=\"false\" value=\"\" type=\"text\" name=\"your-name\" \/><\/span>\n<\/p>\n<p>T\u00e9l\u00e9phone (obligatoire)\n<\/p>\n<p><span class=\"wpcf7-form-control-wrap\" data-name=\"Tlphone\"><input size=\"40\" maxlength=\"400\" class=\"wpcf7-form-control wpcf7-text wpcf7-validates-as-required\" aria-required=\"true\" aria-invalid=\"false\" value=\"\" type=\"text\" name=\"Tlphone\" \/><\/span>\n<\/p>\n<p>Email (Obligatoire)\n<\/p>\n<p><span class=\"wpcf7-form-control-wrap\" data-name=\"your-email\"><input size=\"40\" maxlength=\"400\" class=\"wpcf7-form-control wpcf7-email wpcf7-validates-as-required wpcf7-text wpcf7-validates-as-email\" aria-required=\"true\" aria-invalid=\"false\" value=\"\" type=\"email\" name=\"your-email\" \/><\/span>\n<\/p>\n<p>Sujet (Obligatoire)\n<\/p>\n<p><span class=\"wpcf7-form-control-wrap\" data-name=\"your-subject\"><input size=\"40\" maxlength=\"400\" class=\"wpcf7-form-control wpcf7-text wpcf7-validates-as-required\" aria-required=\"true\" aria-invalid=\"false\" value=\"\" type=\"text\" name=\"your-subject\" \/><\/span>\n<\/p>\n<p>Message (Obligatoire)\n<\/p>\n<p><span class=\"wpcf7-form-control-wrap\" data-name=\"your-message\"><textarea cols=\"40\" rows=\"10\" maxlength=\"2000\" class=\"wpcf7-form-control wpcf7-textarea wpcf7-validates-as-required\" aria-required=\"true\" aria-invalid=\"false\" name=\"your-message\"><\/textarea><\/span>\n<\/p>\n<p><input class=\"wpcf7-form-control wpcf7-submit has-spinner\" type=\"submit\" value=\"Soumettre\" \/>\n<\/p><div class=\"wpcf7-response-output\" aria-hidden=\"true\"><\/div>\n<\/form>\n<\/div>\n<\/div>\n<div class=\"cmsmasters_column one_half\">\n<div class=\"cmsmasters_img  cmsmasters_image_n\">\n<img decoding=\"async\" src=\"https:\/\/decoration-plus.fr\/wp-content\/uploads\/2019\/01\/PeintureGeneral-e1546641057900.jpeg\" \/>\n<\/div>\n<\/div>\n<\/div>\n<\/div>\n<\/div>\n<\/div>\n<\/div>\n\n","protected":false},"excerpt":{"rendered":"<p>Une question, une demande de devis, une demande de rappel, nous serons ravis de vous r\u00e9pondre et vous apportez des r\u00e9ponses fiables et claires \u00e0 vos questions.<\/p>\n","protected":false},"author":1,"featured_media":0,"parent":0,"menu_order":0,"comment_status":"closed","ping_status":"open","template":"","meta":{"footnotes":""},"class_list":["post-60","page","type-page","status-publish","hentry"],"_links":{"self":[{"href":"https:\/\/decoration-plus.fr\/index.php?rest_route=\/wp\/v2\/pages\/60","targetHints":{"allow":["GET"]}}],"collection":[{"href":"https:\/\/decoration-plus.fr\/index.php?rest_route=\/wp\/v2\/pages"}],"about":[{"href":"https:\/\/decoration-plus.fr\/index.php?rest_route=\/wp\/v2\/types\/page"}],"author":[{"embeddable":true,"href":"https:\/\/decoration-plus.fr\/index.php?rest_route=\/wp\/v2\/users\/1"}],"replies":[{"embeddable":true,"href":"https:\/\/decoration-plus.fr\/index.php?rest_route=%2Fwp%2Fv2%2Fcomments&post=60"}],"version-history":[{"count":19,"href":"https:\/\/decoration-plus.fr\/index.php?rest_route=\/wp\/v2\/pages\/60\/revisions"}],"predecessor-version":[{"id":12908,"href":"https:\/\/decoration-plus.fr\/index.php?rest_route=\/wp\/v2\/pages\/60\/revisions\/12908"}],"wp:attachment":[{"href":"https:\/\/decoration-plus.fr\/index.php?rest_route=%2Fwp%2Fv2%2Fmedia&parent=60"}],"curies":[{"name":"wp","href":"https:\/\/api.w.org\/{rel}","templated":true}]}}