{"id":9861,"date":"2016-01-29T15:42:43","date_gmt":"2016-01-29T14:42:43","guid":{"rendered":"http:\/\/construction-pro.cmsmasters.net\/?page_id=9861"},"modified":"2021-01-21T21:59:23","modified_gmt":"2021-01-21T20:59:23","slug":"demande-de-devis","status":"publish","type":"page","link":"https:\/\/decoration-plus.fr\/?page_id=9861","title":{"rendered":"Demande de devis"},"content":{"rendered":"<style type=\"text\/css\"> \n#cmsmasters_row_69eb6df7e1714 { \n\tbackground-color:#f3c14b;\n} \n\n#cmsmasters_row_69eb6df7e1714 .cmsmasters_row_outer_parent { \n\tpadding-top: 20px; \n} \n\n#cmsmasters_row_69eb6df7e1714 .cmsmasters_row_outer_parent { \n\tpadding-bottom: 20px; \n} \n\n \n#cmsmasters_row_69eb6df7e1924 .cmsmasters_row_outer_parent { \n\tpadding-top: 70px; \n} \n\n#cmsmasters_row_69eb6df7e1924 .cmsmasters_row_outer_parent { \n\tpadding-bottom: 60px; \n} \n\n \n#cmsmasters_heading_69eb6df7e2578 { \n\ttext-align:left; \n\tmargin-top:0px; \n\tmargin-bottom:10px; \n} \n\n#cmsmasters_heading_69eb6df7e2578 .cmsmasters_heading { \n\ttext-align:left; \n} \n\n#cmsmasters_heading_69eb6df7e2578 .cmsmasters_heading, #cmsmasters_heading_69eb6df7e2578 .cmsmasters_heading a { \n\tfont-size:24px; \n\tline-height:28px; \n\tfont-weight:bold; \n\tfont-style:normal; \n} \n\n#cmsmasters_heading_69eb6df7e2578 .cmsmasters_heading_divider { \n} \n\n<\/style>\n<!-- Event snippet for Website lead conversion page --> <script> gtag('event', 'conversion', {'send_to': 'AW-998750706\/jEZ9CJ7BjfIBEPLzntwD'}); <\/script>\n<script>\n  window.dataLayer = window.dataLayer || [];\n  function gtag(){dataLayer.push(arguments);}\n  gtag('js', new Date());\n\n  gtag('config', 'G-HDCLXXPK2E');\n<\/script>\n<br><\/br>\n<div><span style=\"color: #000000;\">Vous avez un projet et vous souhaitez avoir un devis, nous serons ravis de vous r\u00e9pondre et vous apportez des r\u00e9ponses fiables et claires \u00e0 vos questions.<\/span><\/div>\n<br><\/br>\n\n<div id=\"cmsmasters_row_69eb6df7e1714\" class=\"cmsmasters_row cmsmasters_color_scheme_default cmsmasters_row_top_default cmsmasters_row_bot_default cmsmasters_row_boxed\">\n<div class=\"cmsmasters_row_outer_parent\">\n<div class=\"cmsmasters_row_outer\">\n<div class=\"cmsmasters_row_inner\">\n<div class=\"cmsmasters_row_margin\">\n<div class=\"cmsmasters_column one_fourth\">\n<\/div>\n<div class=\"cmsmasters_column one_fourth\">\n<\/div>\n<\/div>\n<\/div>\n<\/div>\n<\/div>\n<\/div>\n<div id=\"cmsmasters_row_69eb6df7e1924\" class=\"cmsmasters_row cmsmasters_color_scheme_default cmsmasters_row_top_default cmsmasters_row_bot_default cmsmasters_row_boxed\">\n<div class=\"cmsmasters_row_outer_parent\">\n<div class=\"cmsmasters_row_outer\">\n<div class=\"cmsmasters_row_inner\">\n<div class=\"cmsmasters_row_margin\">\n<div class=\"cmsmasters_column one_half\">\n\n<div id=\"cmsmasters_heading_69eb6df7e2578\" class=\"cmsmasters_heading_wrap cmsmasters_heading_align_left\">\n\t<h1 class=\"cmsmasters_heading\">Demande de devis <\/h1>\n<\/div><div class=\"cmsmasters_img  cmsmasters_image_n\">\n<img decoding=\"async\" src=\"https:\/\/decoration-plus.fr\/wp-content\/uploads\/2015\/04\/red-line.png\" \/>\n<\/div>\n\n<div class=\"wpcf7 no-js\" id=\"wpcf7-f11761-o1\" lang=\"fr-FR\" dir=\"ltr\" data-wpcf7-id=\"11761\">\n<div class=\"screen-reader-response\"><p role=\"status\" aria-live=\"polite\" aria-atomic=\"true\"><\/p> <ul><\/ul><\/div>\n<form action=\"\/index.php?rest_route=%2Fwp%2Fv2%2Fpages%2F9861#wpcf7-f11761-o1\" method=\"post\" class=\"wpcf7-form init\" aria-label=\"Formulaire de contact\" novalidate=\"novalidate\" data-status=\"init\">\n<div style=\"display: none;\">\n<input type=\"hidden\" name=\"_wpcf7\" value=\"11761\" \/>\n<input type=\"hidden\" name=\"_wpcf7_version\" value=\"6.0.1\" \/>\n<input type=\"hidden\" name=\"_wpcf7_locale\" value=\"fr_FR\" \/>\n<input type=\"hidden\" name=\"_wpcf7_unit_tag\" value=\"wpcf7-f11761-o1\" \/>\n<input type=\"hidden\" name=\"_wpcf7_container_post\" value=\"0\" \/>\n<input type=\"hidden\" name=\"_wpcf7_posted_data_hash\" value=\"\" \/>\n<\/div>\n<p><label> Nom (obligatoire)<br \/>\n<span class=\"wpcf7-form-control-wrap\" data-name=\"your-name\"><input size=\"40\" maxlength=\"400\" class=\"wpcf7-form-control wpcf7-text wpcf7-validates-as-required\" aria-required=\"true\" aria-invalid=\"false\" value=\"\" type=\"text\" name=\"your-name\" \/><\/span> <\/label>\n<\/p>\n<p><label> Email (obligatoire)<br \/>\n<span class=\"wpcf7-form-control-wrap\" data-name=\"your-email\"><input size=\"40\" maxlength=\"400\" class=\"wpcf7-form-control wpcf7-email wpcf7-validates-as-required wpcf7-text wpcf7-validates-as-email\" aria-required=\"true\" aria-invalid=\"false\" value=\"\" type=\"email\" name=\"your-email\" \/><\/span> <\/label>\n<\/p>\n<p><label> T\u00e9l\u00e9phone (obligatoire)<span class=\"wpcf7-form-control-wrap\" data-name=\"Tlphone\"><input size=\"40\" maxlength=\"400\" class=\"wpcf7-form-control wpcf7-tel wpcf7-validates-as-required wpcf7-text wpcf7-validates-as-tel\" id=\"phone\" aria-required=\"true\" aria-invalid=\"false\" value=\"\" type=\"tel\" name=\"Tlphone\" \/><\/span><\/label>\n<\/p>\n<p><label> Surface (m2)<br \/>\n<span class=\"wpcf7-form-control-wrap\" data-name=\"surfacem2\"><input class=\"wpcf7-form-control wpcf7-number wpcf7-validates-as-number\" id=\"surface\" aria-invalid=\"false\" value=\"\" type=\"number\" name=\"surfacem2\" \/><\/span><\/label>\n<\/p>\n<p><label> Service<br \/>\n<span class=\"wpcf7-form-control-wrap\" data-name=\"Service\"><select class=\"wpcf7-form-control wpcf7-select\" id=\"service\" aria-invalid=\"false\" multiple=\"multiple\" name=\"Service[]\"><option value=\"Peinture int\u00e9rieure\">Peinture int\u00e9rieure<\/option><option value=\"Peinture ext\u00e9rieure\">Peinture ext\u00e9rieure<\/option><option value=\"Rev\u00eatement de sol\">Rev\u00eatement de sol<\/option><option value=\"Plomberie\">Plomberie<\/option><option value=\"Electricit\u00e9\">Electricit\u00e9<\/option><option value=\"Autres\">Autres<\/option><\/select><\/span><\/label>\n<\/p>\n<p><label> Votre message<br \/>\n<span class=\"wpcf7-form-control-wrap\" data-name=\"your-message\"><textarea cols=\"40\" rows=\"10\" maxlength=\"2000\" class=\"wpcf7-form-control wpcf7-textarea\" aria-invalid=\"false\" name=\"your-message\"><\/textarea><\/span> <\/label>\n<\/p>\n<p><input class=\"wpcf7-form-control wpcf7-submit has-spinner\" type=\"submit\" value=\"Soumettre\" \/>\n<\/p><div class=\"wpcf7-response-output\" aria-hidden=\"true\"><\/div>\n<\/form>\n<\/div>\n<\/div>\n<div class=\"cmsmasters_column one_half\">\n<div class=\"cmsmasters_img  cmsmasters_image_n\">\n<img decoding=\"async\" src=\"https:\/\/decoration-plus.fr\/wp-content\/uploads\/2019\/01\/devis.png\" \/>\n<\/div>\n<\/div>\n<\/div>\n<\/div>\n<\/div>\n<\/div>\n<\/div>\n\n","protected":false},"excerpt":{"rendered":"<p>Vous avez un projet et vous souhaitez avoir un devis, nous serons ravis de vous r\u00e9pondre et vous apportez des r\u00e9ponses fiables et claires \u00e0 vos questions.<\/p>\n","protected":false},"author":1,"featured_media":0,"parent":0,"menu_order":0,"comment_status":"closed","ping_status":"open","template":"","meta":{"footnotes":""},"class_list":["post-9861","page","type-page","status-publish","hentry"],"_links":{"self":[{"href":"https:\/\/decoration-plus.fr\/index.php?rest_route=\/wp\/v2\/pages\/9861","targetHints":{"allow":["GET"]}}],"collection":[{"href":"https:\/\/decoration-plus.fr\/index.php?rest_route=\/wp\/v2\/pages"}],"about":[{"href":"https:\/\/decoration-plus.fr\/index.php?rest_route=\/wp\/v2\/types\/page"}],"author":[{"embeddable":true,"href":"https:\/\/decoration-plus.fr\/index.php?rest_route=\/wp\/v2\/users\/1"}],"replies":[{"embeddable":true,"href":"https:\/\/decoration-plus.fr\/index.php?rest_route=%2Fwp%2Fv2%2Fcomments&post=9861"}],"version-history":[{"count":21,"href":"https:\/\/decoration-plus.fr\/index.php?rest_route=\/wp\/v2\/pages\/9861\/revisions"}],"predecessor-version":[{"id":12917,"href":"https:\/\/decoration-plus.fr\/index.php?rest_route=\/wp\/v2\/pages\/9861\/revisions\/12917"}],"wp:attachment":[{"href":"https:\/\/decoration-plus.fr\/index.php?rest_route=%2Fwp%2Fv2%2Fmedia&parent=9861"}],"curies":[{"name":"wp","href":"https:\/\/api.w.org\/{rel}","templated":true}]}}